{"id":37,"date":"2023-07-26T14:04:13","date_gmt":"2023-07-26T14:04:13","guid":{"rendered":"https:\/\/feierly.de\/?page_id=37"},"modified":"2024-10-31T11:27:07","modified_gmt":"2024-10-31T11:27:07","slug":"imprint","status":"publish","type":"page","link":"https:\/\/feierly.de\/en\/impressum\/","title":{"rendered":"Imprint"},"content":{"rendered":"<section class=\"bde-section-37-100 bde-section\">\n  \n  \n\t\n\n\n\n<div class=\"section-container\"><div class=\"bde-rich-text-37-101 bde-rich-text breakdance-rich-text-styles\">\n<h1><strong>Imprint<\/strong><\/h1><p>B\u00dcRO15 GmbH<br>Hauffstrasse 28<br>73614 Schorndorf<\/p><p>Tel: 07181 97689-77<br>Mail: <a href=\"mailto:agentur@buero15.com\">agentur@buero15.com<\/a><\/p><p>Managing Director: Helmut Nickel, David Nickel<br>Registered office of the company: Schorndorf<br>Register court: Local court Stuttgart<br>Registration number: HRB 744671<br>Sales tax identification number: DE289280961<\/p>\n<\/div><\/div>\n<\/section>","protected":false},"excerpt":{"rendered":"<p>ImprintB\u00dcRO15 GmbHHauffstra\u00dfe 2873614 SchorndorfTel: 07181 97689-77Mail: agentur@buero15.comGesch\u00e4ftsf\u00fchrer: Helmut Nickel, David NickelCompany headquarters: SchorndorfRegister court: Stuttgart district courtRegister number: HRB 744671Sales tax ID: DE289280961<\/p>","protected":false},"author":1,"featured_media":0,"parent":0,"menu_order":0,"comment_status":"closed","ping_status":"closed","template":"","meta":{"_breakdance_hide_in_design_set":false,"_breakdance_tags":"","footnotes":""},"class_list":["post-37","page","type-page","status-publish","hentry"],"_links":{"self":[{"href":"https:\/\/feierly.de\/en\/wp-json\/wp\/v2\/pages\/37","targetHints":{"allow":["GET"]}}],"collection":[{"href":"https:\/\/feierly.de\/en\/wp-json\/wp\/v2\/pages"}],"about":[{"href":"https:\/\/feierly.de\/en\/wp-json\/wp\/v2\/types\/page"}],"author":[{"embeddable":true,"href":"https:\/\/feierly.de\/en\/wp-json\/wp\/v2\/users\/1"}],"replies":[{"embeddable":true,"href":"https:\/\/feierly.de\/en\/wp-json\/wp\/v2\/comments?post=37"}],"version-history":[{"count":5,"href":"https:\/\/feierly.de\/en\/wp-json\/wp\/v2\/pages\/37\/revisions"}],"predecessor-version":[{"id":1055,"href":"https:\/\/feierly.de\/en\/wp-json\/wp\/v2\/pages\/37\/revisions\/1055"}],"wp:attachment":[{"href":"https:\/\/feierly.de\/en\/wp-json\/wp\/v2\/media?parent=37"}],"curies":[{"name":"wp","href":"https:\/\/api.w.org\/{rel}","templated":true}]}}