{"id":1015,"date":"2024-09-17T20:02:01","date_gmt":"2024-09-17T20:02:01","guid":{"rendered":"https:\/\/feierly.de\/?page_id=1015"},"modified":"2026-02-15T20:54:57","modified_gmt":"2026-02-15T20:54:57","slug":"digital-wedding-planner","status":"publish","type":"page","link":"https:\/\/feierly.de\/en\/digitaler-hochzeitsplaner\/","title":{"rendered":"Digital wedding planner"},"content":{"rendered":"<section class=\"bde-section-1015-100 bde-section\">\n  \n  \n\t\n\n\n\n<div class=\"section-container\"><div class=\"bde-div-1015-101 bde-div\">\n  \n  \n\t\n\n\n\n<h1 class=\"bde-heading-1015-102 bde-heading\">\nDigital wedding planner\n<\/h1><h2 class=\"bde-heading-1015-103 bde-heading\">\nThe intelligent wedding planner with AI support\n<\/h2>\n<\/div><div class=\"bde-div-1015-104 bde-div\">\n  \n  \n\t\n\n\n\n<div class=\"bde-div-1015-105 bde-div\">\n  \n  \n\t\n\n\n\n<div class=\"bde-columns-1015-106 bde-columns\"><div class=\"bde-column-1015-107 bde-column\">\n  \n  \n\t\n\n\n\n<div class=\"bde-image-1015-108 bde-image\">\n<figure class=\"breakdance-image breakdance-image--1008\">\n\t<div class=\"breakdance-image-container\">\n\t\t<div class=\"breakdance-image-clip\"><img loading=\"lazy\" decoding=\"async\" class=\"breakdance-image-object\" src=\"https:\/\/feierly.de\/wp-content\/uploads\/2024\/09\/fotoaufgaben-1024x683.webp\" width=\"1024\" height=\"683\" srcset=\"https:\/\/feierly.de\/wp-content\/uploads\/2024\/09\/fotoaufgaben-1024x683.webp 1024w, https:\/\/feierly.de\/wp-content\/uploads\/2024\/09\/fotoaufgaben-300x200.webp 300w, https:\/\/feierly.de\/wp-content\/uploads\/2024\/09\/fotoaufgaben-768x512.webp 768w, https:\/\/feierly.de\/wp-content\/uploads\/2024\/09\/fotoaufgaben-1536x1024.webp 1536w, https:\/\/feierly.de\/wp-content\/uploads\/2024\/09\/fotoaufgaben-2048x1365.webp 2048w, https:\/\/feierly.de\/wp-content\/uploads\/2024\/09\/fotoaufgaben-18x12.webp 18w\" sizes=\"auto, (max-width: 1024px) 100vw, 1024px\" alt=\"Digital wedding planner\"><\/div>\n\t<\/div><\/figure>\n\n<\/div>\n<\/div><div class=\"bde-column-1015-109 bde-column\">\n  \n  \n\t\n\n\n\n<div class=\"bde-text-1015-110 bde-text\">\nStress-free, simple and perfectly organized - that's how your wedding planning should be.\n<\/div><div class=\"bde-div-1015-111 bde-div\">\n  \n  \n\t\n\n\n\n<div class=\"bde-div-1015-144 bde-div\">\n  \n  \n\t\n\n\n\n<div class=\"bde-button-1015-113 bde-button ga-zur-app\">\n    \n                        \n                        \n    \n    \n    \n    \n            \n                    \n            \n            \n\n    \n    \n    \n    \n    \n    <a class=\"breakdance-link button-atom button-atom--secondary bde-button__button\" href=\"https:\/\/wedding.feierly.app\" target=\"_self\" data-type=\"url\" rel=\"noopener\">\n\n    \n        <span class=\"button-atom__text\">Start now for free<\/span>\n\n        \n        \n                <\/a>\n\n    \n\n\n<\/div><div class=\"bde-button-1015-112 bde-button ga-zur-app\">\n    \n                        \n                        \n    \n    \n    \n    \n            \n                    \n            \n            \n\n    \n    \n    \n    \n    \n    <a class=\"breakdance-link button-atom button-atom--primary bde-button__button\" href=\"https:\/\/youtu.be\/Oyt2uFXvuR4?si=r1MUkcdkNQEoTVgY\" target=\"_blank\" data-type=\"url\" rel=\"noopener\">\n\n    \n        <span class=\"button-atom__text\">Video <\/span>\n\n        \n        \n                <\/a>\n\n    \n\n\n<\/div>\n<\/div><div class=\"bde-text-1015-114 bde-text\">\nAll functions for only \u20ac19.90\n<\/div>\n<\/div>\n<\/div><\/div>\n<\/div><div class=\"bde-grid-1015-145 bde-grid\">\n  \n  \n\t\n\n\n\n<div class=\"bde-icon-box-1015-147 bde-icon-box\">\n\n    \n            <div class=\"ee-iconbox-icon breakdance-icon-atom\" >\n    \n                    <svg xmlns=\"http:\/\/www.w3.org\/2000\/svg\" xmlns:xlink=\"http:\/\/www.w3.org\/1999\/xlink\" version=\"1.1\" id=\"Ebene_1\" x=\"0px\" y=\"0px\" width=\"24px\" height=\"24px\" viewbox=\"0 0 24 24\" style=\"enable-background:new 0 0 24 24;\" xml:space=\"preserve\">\r\n<path d=\"M17.8,12.9c-1.7,0-3.2,0.9-4,2.2l-3-1.5c0.2-0.5,0.3-1.1,0.3-1.7c0-0.6-0.1-1.2-0.3-1.7l3-1.5c0.9,1.3,2.3,2.2,4,2.2  c2.7,0,4.8-2.2,4.8-4.8s-2.2-4.8-4.8-4.8s-4.8,2.2-4.8,4.8c0,0.6,0.1,1.2,0.3,1.7l-3,1.5C9.4,8.1,8,7.2,6.2,7.2  c-2.7,0-4.8,2.2-4.8,4.8c0,2.7,2.2,4.8,4.8,4.8c1.7,0,3.2-0.9,4-2.2l3,1.5c-0.2,0.5-0.3,1.1-0.3,1.7c0,2.7,2.2,4.8,4.8,4.8  s4.8-2.2,4.8-4.8S20.4,12.9,17.8,12.9z M17.8,2.4c2.1,0,3.8,1.7,3.8,3.8s-1.7,3.8-3.8,3.8s-3.8-1.7-3.8-3.8S15.6,2.4,17.8,2.4z   M6.2,15.8c-2.1,0-3.8-1.7-3.8-3.8c0-2.1,1.7-3.8,3.8-3.8s3.8,1.7,3.8,3.8C10.1,14.1,8.4,15.8,6.2,15.8z M17.8,21.6  c-2.1,0-3.8-1.7-3.8-3.8s1.7-3.8,3.8-3.8s3.8,1.7,3.8,3.8S19.9,21.6,17.8,21.6z\"\/>\r\n<\/svg>\n        \n        \n        \n            <\/div>\n    \n\n<div class=\"ee-iconbox-content\">\n      <p class=\"ee-iconbox-title bde-h3\" >Intelligent guest management<\/p>\n        <div class=\"ee-iconbox-text\" >Easily keep track of your guest list. Manage acceptances and cancellations and categorize your guests as you wish. Our intuitive interface makes guest management child's play.<\/div>\n    <\/div>\n\n<\/div><div class=\"bde-icon-box-1015-148 bde-icon-box\">\n\n    \n            <div class=\"ee-iconbox-icon breakdance-icon-atom\" >\n    \n                    <svg xmlns=\"http:\/\/www.w3.org\/2000\/svg\" xmlns:xlink=\"http:\/\/www.w3.org\/1999\/xlink\" version=\"1.1\" id=\"Ebene_1\" x=\"0px\" y=\"0px\" width=\"24px\" height=\"24px\" viewbox=\"0 0 24 24\" style=\"enable-background:new 0 0 24 24;\" xml:space=\"preserve\">\r\n<path d=\"M22.6,10.6c0,0,0-0.1,0-0.1c0-1.7-0.1-3.3-0.2-4.7c-0.1-1.4-1.3-2.6-2.7-2.7c-1.5-0.1-4-0.2-7.6-0.2C8.4,2.9,5.9,3,4.4,3.1  C3,3.2,1.8,4.3,1.7,5.8c-0.1,1.4-0.2,3-0.2,4.7c0,0,0,0.1,0,0.1c0,0.5,0,0.9,0,1.4c0,2.4,0.1,4.5,0.2,6.2c0.1,1.4,1.3,2.6,2.7,2.7  s4,0.2,7.6,0.2c3.6,0,6.1-0.1,7.6-0.2c1.5-0.1,2.6-1.2,2.7-2.7c0.2-1.8,0.2-3.9,0.2-6.2C22.6,11.5,22.6,11.1,22.6,10.6z M2.7,5.9  c0.1-1,0.8-1.7,1.8-1.8C5.9,4,8.4,3.9,12,3.9c3.6,0,6.1,0.1,7.5,0.2c1,0.1,1.7,0.8,1.8,1.8c0.1,1.3,0.2,2.8,0.2,4.4  c-1.3,0.7-7.2,3.6-9.5,3.6c-2.3,0-8.2-2.9-9.5-3.6C2.5,8.3,2.6,6.8,2.7,5.9z M21.3,18.1c-0.1,1-0.8,1.7-1.8,1.8  c-1.4,0.1-3.9,0.2-7.5,0.2c-3.6,0-6.1-0.1-7.5-0.2c-1-0.1-1.7-0.8-1.8-1.8c-0.1-1.2-0.2-3.2-0.2-6.1c0-0.2,0-0.4,0-0.6  c1.9,1,7.2,3.5,9.6,3.5c2.3,0,7.6-2.5,9.6-3.5c0,0.2,0,0.4,0,0.6C21.6,14.3,21.5,16.4,21.3,18.1z\"\/>\r\n<\/svg>\n        \n        \n        \n            <\/div>\n    \n\n<div class=\"ee-iconbox-content\">\n      <p class=\"ee-iconbox-title bde-h3\" >Digital invitations<\/p>\n        <div class=\"ee-iconbox-text\" >Design and send stylish, personalized invitations with just a few clicks. Choose from a variety of templates. Track acceptances in real time and save time and resources.<\/div>\n    <\/div>\n\n<\/div><div class=\"bde-icon-box-1015-149 bde-icon-box\">\n\n    \n            <div class=\"ee-iconbox-icon breakdance-icon-atom\" >\n    \n                    <svg xmlns=\"http:\/\/www.w3.org\/2000\/svg\" xmlns:xlink=\"http:\/\/www.w3.org\/1999\/xlink\" version=\"1.1\" id=\"Ebene_1\" x=\"0px\" y=\"0px\" width=\"24px\" height=\"24px\" viewbox=\"0 0 24 24\" style=\"enable-background:new 0 0 24 24;\" xml:space=\"preserve\">\r\n<g>\r\n\t<path d=\"M22.3,4.4C22.3,4.4,22.3,4.4,22.3,4.4c-0.1-1.5-1.2-2.6-2.7-2.7c-1.5-0.1-4-0.3-7.6-0.3c-3.6,0-6.1,0.1-7.6,0.3   C3,1.8,1.8,3,1.7,4.4c-0.1,1.5-0.3,4-0.3,7.6c0,3.6,0.1,6.1,0.3,7.6c0.1,1.5,1.2,2.6,2.7,2.7c1.5,0.1,4,0.3,7.6,0.3   c3.6,0,6.1-0.1,7.6-0.3c1.5-0.1,2.6-1.2,2.7-2.7c0.1-1.5,0.3-4,0.3-7.6C22.6,8.4,22.4,5.9,22.3,4.4z M21.3,19.5   c-0.1,1-0.8,1.7-1.8,1.8c-1.4,0.1-3.9,0.3-7.5,0.3c-3.6,0-6.1-0.1-7.5-0.3c-1-0.1-1.7-0.8-1.8-1.8c-0.1-1.4-0.3-3.9-0.3-7.5   c0-3.6,0.1-6.1,0.3-7.5c0.1-1,0.8-1.7,1.8-1.8C5.9,2.6,8.4,2.4,12,2.4c3.6,0,6.1,0.1,7.5,0.3c1,0.1,1.7,0.8,1.8,1.8   c0.1,1.4,0.3,3.9,0.3,7.5C21.6,15.6,21.4,18.1,21.3,19.5z\"\/>\r\n\t<path d=\"M13.1,5.4c-0.4-0.1-0.7-0.1-1.1-0.1c-0.4,0-0.8,0-1.1,0.1c-0.8,0.2-1.3,1-1.2,1.9h0c0.1,1.5,0.3,3.6,0.5,4.8   c0.1,0.7,0.5,1.2,1.1,1.3c0.2,0,0.4,0.1,0.8,0.1c0.3,0,0.6,0,0.8-0.1c0.6-0.1,1-0.6,1.1-1.3c0.2-1.3,0.4-3.6,0.5-4.8   C14.4,6.4,13.9,5.6,13.1,5.4z M12.9,12c0,0.1-0.1,0.4-0.3,0.4c-0.3,0.1-0.9,0.1-1.2,0c-0.2,0-0.3-0.3-0.3-0.4   c-0.2-1.3-0.4-3.5-0.5-4.8v0c0-0.4,0.1-0.8,0.5-0.9c0.3-0.1,0.6-0.1,0.9-0.1c0.3,0,0.6,0,0.9,0.1c0.4,0.1,0.5,0.5,0.5,0.9   C13.3,8.5,13.1,10.7,12.9,12z\"\/>\r\n\t<path d=\"M12,14.4c-1.2,0-2.2,1-2.2,2.2c0,1.2,1,2.2,2.2,2.2c1.2,0,2.2-1,2.2-2.2C14.2,15.4,13.2,14.4,12,14.4z M12,17.7   c-0.6,0-1.2-0.5-1.2-1.2c0-0.6,0.5-1.2,1.2-1.2c0.6,0,1.2,0.5,1.2,1.2C13.2,17.2,12.6,17.7,12,17.7z\"\/>\r\n<\/g>\r\n<\/svg>\n        \n        \n        \n            <\/div>\n    \n\n<div class=\"ee-iconbox-content\">\n      <p class=\"ee-iconbox-title bde-h3\" >Budget planning<\/p>\n        <div class=\"ee-iconbox-text\" >Always keep an eye on your expenses. Our intelligent budget tool helps you to plan, track and optimize costs. Set priorities and find the perfect balance between dream and reality.<\/div>\n    <\/div>\n\n<\/div><div class=\"bde-icon-box-1015-150 bde-icon-box\">\n\n    \n            <div class=\"ee-iconbox-icon breakdance-icon-atom\" >\n    \n                    <svg xmlns=\"http:\/\/www.w3.org\/2000\/svg\" xmlns:xlink=\"http:\/\/www.w3.org\/1999\/xlink\" version=\"1.1\" id=\"Ebene_1\" x=\"0px\" y=\"0px\" width=\"24px\" height=\"24px\" viewbox=\"0 0 24 24\" style=\"enable-background:new 0 0 24 24;\" xml:space=\"preserve\">\r\n<g>\r\n\t<path d=\"M22.4,6.5c-0.1-2.7-2.2-4.8-4.9-4.9C15.9,1.5,14,1.4,12,1.4c-2,0-3.8,0-5.5,0.1C3.8,1.7,1.7,3.8,1.6,6.5   C1.5,8.1,1.4,10,1.4,12c0,2,0,3.8,0.1,5.5c0.1,2.7,2.2,4.8,4.9,4.9c1.7,0.1,3.5,0.1,5.5,0.1c2,0,3.9,0,5.5-0.1   c2.7-0.1,4.8-2.2,4.9-4.9c0.1-1.7,0.1-3.5,0.1-5.5C22.6,10,22.5,8.1,22.4,6.5z M21.4,17.5c-0.1,2.2-1.8,3.9-4,4   c-1.6,0.1-3.5,0.1-5.5,0.1c-2,0-3.8,0-5.5-0.1c-2.2-0.1-3.9-1.8-4-4C2.5,15.8,2.4,14,2.4,12c0-2,0-3.8,0.1-5.5c0.1-2.2,1.8-3.9,4-4   C8.2,2.5,10,2.4,12,2.4c2,0,3.8,0,5.5,0.1c2.2,0.1,3.9,1.8,4,4c0.1,1.6,0.1,3.5,0.1,5.5C21.6,14,21.5,15.8,21.4,17.5z\"\/>\r\n\t<path d=\"M12,6.7c-2.9,0-5.3,2.4-5.3,5.3c0,2.9,2.4,5.3,5.3,5.3c0,0,0,0,0,0c1.4,0,2.7-0.5,3.7-1.5c1-1,1.6-2.3,1.6-3.7   C17.3,9.1,14.9,6.7,12,6.7z M15,15c-0.8,0.8-1.9,1.3-3,1.3c0,0,0,0,0,0c-2.4,0-4.3-1.9-4.3-4.3c0-2.4,1.9-4.3,4.3-4.3   s4.3,1.9,4.3,4.3C16.3,13.1,15.8,14.2,15,15z\"\/>\r\n\t<path d=\"M18.2,5.3h-0.5c-0.3,0-0.5,0.2-0.5,0.5s0.2,0.5,0.5,0.5h0.5c0.3,0,0.5-0.2,0.5-0.5S18.5,5.3,18.2,5.3z\"\/>\r\n<\/g>\r\n<\/svg>\n        \n        \n        \n            <\/div>\n    \n\n<div class=\"ee-iconbox-content\">\n      <p class=\"ee-iconbox-title bde-h3\" >Interactive photo tasks<\/p>\n        <div class=\"ee-iconbox-text\" >Turn your guests into photographers of the day. Assign creative photo tasks, collect all the pictures centrally and automatically create a live slideshow. The result is a personal photo collection full of unforgettable moments.<\/div>\n    <\/div>\n\n<\/div><div class=\"bde-icon-box-1015-151 bde-icon-box\">\n\n    \n            <div class=\"ee-iconbox-icon breakdance-icon-atom\" >\n    \n                    <svg xmlns=\"http:\/\/www.w3.org\/2000\/svg\" xmlns:xlink=\"http:\/\/www.w3.org\/1999\/xlink\" version=\"1.1\" id=\"Ebene_1\" x=\"0px\" y=\"0px\" width=\"24px\" height=\"24px\" viewbox=\"0 0 24 24\" style=\"enable-background:new 0 0 24 24;\" xml:space=\"preserve\">\r\n<g>\r\n\t<path d=\"M22.3,4.4c-0.1-1.5-1.2-2.6-2.7-2.7c-1.5-0.1-4-0.3-7.6-0.3c-3.6,0-6.1,0.1-7.6,0.3C3,1.8,1.8,3,1.7,4.4   c-0.1,1.5-0.3,4-0.3,7.6c0,3.6,0.1,6.1,0.3,7.6c0.1,1.5,1.2,2.6,2.7,2.7c1.5,0.1,4,0.3,7.6,0.3c3.6,0,6.1-0.1,7.6-0.3   c1.5-0.1,2.6-1.2,2.7-2.7c0.1-1.5,0.3-4,0.3-7.6C22.6,8.4,22.4,5.9,22.3,4.4z M21.3,19.5c-0.1,1-0.8,1.7-1.8,1.8   c-1.4,0.1-3.9,0.3-7.5,0.3c-3.6,0-6.1-0.1-7.5-0.3c-1-0.1-1.7-0.8-1.8-1.8c-0.1-1.4-0.3-3.9-0.3-7.5c0-3.6,0.1-6.1,0.3-7.5   c0.1-1,0.8-1.7,1.8-1.8C5.9,2.6,8.4,2.4,12,2.4c3.6,0,6.1,0.1,7.5,0.3c1,0.1,1.7,0.8,1.8,1.8c0.1,1.4,0.3,3.9,0.3,7.5   C21.6,15.6,21.4,18.1,21.3,19.5z\"\/>\r\n\t<path d=\"M17.8,8.3c-0.3-0.5-0.8-0.8-1.3-1.2c-0.7-0.4-1.6-0.2-2.1,0.6c-1.4,2-2.5,3.6-3,4.4c-0.4-0.4-0.9-1.1-1.7-1.9   C9,9.5,7.9,9.4,7.2,10c-0.3,0.3-0.6,0.6-0.9,0.9c-0.5,0.6-0.4,1.4,0.1,2.1c1.1,1.3,2.3,2.6,3.5,3.8c0.4,0.4,1,0.6,1.5,0.6   c0,0,0.1,0,0.1,0c0.6,0,1.2-0.3,1.6-0.8c1-1.2,2.5-3.3,4.6-6.5C18.2,9.6,18.2,8.8,17.8,8.3L17.8,8.3z M16.9,9.6   c-2.1,3.2-3.6,5.3-4.6,6.4c-0.2,0.3-0.5,0.4-0.8,0.4c-0.3,0-0.7-0.1-0.9-0.4c-1.2-1.2-2.3-2.4-3.4-3.7c-0.2-0.2-0.3-0.6-0.1-0.8   c0.2-0.3,0.5-0.6,0.8-0.8c0.1-0.1,0.3-0.2,0.4-0.2c0.2,0,0.4,0.1,0.6,0.3c1.3,1.4,2.1,2.3,2.1,2.4c0.1,0.1,0.3,0.2,0.4,0.2   c0.2,0,0.3-0.1,0.4-0.2c0,0,1.3-1.9,3.4-4.9C15.3,8,15.7,7.9,16,8c0.4,0.2,0.8,0.5,1,0.9C17.1,9.1,17,9.4,16.9,9.6z\"\/>\r\n<\/g>\r\n<\/svg>\n        \n        \n        \n            <\/div>\n    \n\n<div class=\"ee-iconbox-content\">\n      <p class=\"ee-iconbox-title bde-h3\" >To-do lists<\/p>\n        <div class=\"ee-iconbox-text\" >Keep all tasks under control with our intelligent to-do lists. Prioritize tasks and set deadlines.<\/div>\n    <\/div>\n\n<\/div><div class=\"bde-icon-box-1015-152 bde-icon-box\">\n\n    \n            <div class=\"ee-iconbox-icon breakdance-icon-atom\" >\n    \n                    <svg xmlns=\"http:\/\/www.w3.org\/2000\/svg\" xmlns:xlink=\"http:\/\/www.w3.org\/1999\/xlink\" version=\"1.1\" id=\"Ebene_1\" x=\"0px\" y=\"0px\" width=\"24px\" height=\"24px\" viewbox=\"0 0 24 24\" style=\"enable-background:new 0 0 24 24;\" xml:space=\"preserve\">\r\n<g>\r\n\t<path d=\"M22.3,4.4c-0.1-1.5-1.2-2.6-2.7-2.7c-1.5-0.1-4-0.3-7.6-0.3c-3.6,0-6.1,0.1-7.6,0.3C3,1.8,1.8,3,1.7,4.4   c-0.1,1.5-0.3,4-0.3,7.6c0,3.6,0.1,6.1,0.3,7.6c0.1,1.5,1.2,2.6,2.7,2.7c1.5,0.1,4,0.3,7.6,0.3c3.6,0,6.1-0.1,7.6-0.3h0   c1.5-0.1,2.6-1.2,2.7-2.7c0.1-1.5,0.3-4,0.3-7.6C22.6,8.4,22.4,5.9,22.3,4.4z M21.3,19.5c-0.1,1-0.8,1.7-1.8,1.8   c-1.4,0.1-3.9,0.3-7.5,0.3c-3.6,0-6.1-0.1-7.5-0.3c-1-0.1-1.7-0.8-1.8-1.8c-0.1-1.4-0.3-3.9-0.3-7.5c0-3.6,0.1-6.1,0.3-7.5   c0.1-1,0.8-1.7,1.8-1.8C5.9,2.6,8.4,2.4,12,2.4c3.6,0,6.1,0.1,7.5,0.3c1,0.1,1.7,0.8,1.8,1.8c0.1,1.4,0.3,3.9,0.3,7.5   C21.6,15.6,21.4,18.1,21.3,19.5z\"\/>\r\n\t<path d=\"M15.6,7.4C14.4,7,13,7.2,12.1,8.1c0,0-0.1,0-0.1,0.1c0,0-0.1,0-0.1-0.1C11,7.2,9.6,7,8.4,7.4c-1.3,0.4-2.2,1.5-2.5,2.8   c-0.3,1.2-0.1,2.5,0.6,3.5c1,1.7,2.7,3,4.1,4.1c0.4,0.3,0.9,0.5,1.4,0.5s1-0.2,1.4-0.5c1.5-1.1,3.1-2.4,4.1-4.1   c0.6-1,0.8-2.3,0.6-3.5C17.8,8.8,16.9,7.8,15.6,7.4z M16.7,13.2C16.7,13.2,16.7,13.2,16.7,13.2c-0.9,1.6-2.5,2.8-3.9,3.8   c-0.5,0.4-1.2,0.4-1.7,0c-1.4-1-2.9-2.3-3.9-3.8c-0.5-0.8-0.7-1.8-0.4-2.8c0.2-1,0.9-1.8,1.9-2.1C9,8.2,9.2,8.2,9.5,8.2   c0.6,0,1.2,0.2,1.7,0.7c0.1,0.1,0.2,0.2,0.3,0.3l0.1,0.1c0.1,0.1,0.2,0.2,0.4,0.2h0c0.1,0,0.3-0.1,0.4-0.2l0.1-0.1   c0.1-0.1,0.2-0.2,0.3-0.3c0.7-0.6,1.6-0.8,2.6-0.5c1,0.3,1.6,1.1,1.9,2.1C17.4,11.3,17.2,12.4,16.7,13.2z\"\/>\r\n<\/g>\r\n<\/svg>\n        \n        \n        \n            <\/div>\n    \n\n<div class=\"ee-iconbox-content\">\n      <p class=\"ee-iconbox-title bde-h3\" >Wish lists<\/p>\n        <div class=\"ee-iconbox-text\" >Create and manage your gift wishes easily online. Share your wish list with your guests and let them reserve gifts. This way you avoid duplicates and get exactly what you want.<\/div>\n    <\/div>\n\n<\/div>\n<\/div>\n<\/div><\/div>\n<\/section><section class=\"bde-section-1015-131 bde-section\">\n  \n  \n\t\n\n\n\n<div class=\"section-container\"><div class=\"bde-div-1015-132 bde-div\">\n  \n  \n\t\n\n\n\n<div class=\"bde-icon-1015-153 bde-icon\">\n\n    \n            <div class=\"bde-icon-icon breakdance-icon-atom\" >\n    \n                    <svg xmlns=\"http:\/\/www.w3.org\/2000\/svg\" xmlns:xlink=\"http:\/\/www.w3.org\/1999\/xlink\" version=\"1.1\" id=\"Ebene_1\" x=\"0px\" y=\"0px\" width=\"24px\" height=\"24px\" viewbox=\"0 0 24 24\" style=\"enable-background:new 0 0 24 24;\" xml:space=\"preserve\">\r\n<g>\r\n\t<path d=\"M21.8,9l-3.7-1.3l-1.2-3.7c-0.2-0.5-0.6-0.8-1-0.8s-0.9,0.3-1,0.8l-1.3,3.7L9.9,9c-0.5,0.2-0.8,0.6-0.8,1s0.3,0.9,0.8,1   l3.7,1.3l1.2,3.7c0.2,0.5,0.6,0.8,1,0.8s0.9-0.3,1-0.8l1.3-3.7l3.7-1.2c0.5-0.2,0.8-0.6,0.8-1S22.3,9.2,21.8,9z M21.5,10.2   l-3.7,1.2c-0.3,0.1-0.6,0.4-0.7,0.7l-1.2,3.7c0,0-0.2,0-0.2,0l-1.2-3.7c-0.1-0.3-0.4-0.6-0.7-0.7l-3.7-1.2c0,0-0.1,0-0.1-0.1   s0-0.1,0.1-0.1l3.7-1.2c0.3-0.1,0.6-0.4,0.7-0.7l1.2-3.7c0,0,0-0.1,0.1-0.1s0.1,0,0.1,0.1l1.2,3.7c0.1,0.3,0.4,0.6,0.7,0.7l3.7,1.2   C21.5,10,21.6,10,21.5,10.2C21.6,10.2,21.5,10.2,21.5,10.2z\"\/>\r\n\t<path d=\"M12.8,16.3L10,15.4l-0.9-2.8C9,12.2,8.6,12,8.2,12c0,0,0,0,0,0c-0.4,0-0.8,0.3-0.9,0.7l-0.9,2.8l-2.8,0.9   c-0.4,0.1-0.7,0.5-0.7,0.9s0.3,0.8,0.7,0.9l2.8,0.9l0.9,2.8c0.1,0.4,0.5,0.7,0.9,0.7c0,0,0,0,0,0c0.4,0,0.8-0.3,0.9-0.7l0.9-2.8   l2.8-0.9c0.4-0.1,0.7-0.5,0.7-0.9C13.5,16.8,13.2,16.5,12.8,16.3z M9.7,18.2c-0.3,0.1-0.5,0.3-0.6,0.6l-0.9,2.7l-0.9-2.7   c-0.1-0.3-0.3-0.5-0.6-0.6l-2.8-0.9l2.8-0.9c0.3-0.1,0.5-0.3,0.6-0.6L8.2,13l0.9,2.8c0.1,0.3,0.3,0.5,0.6,0.6l2.8,0.9L9.7,18.2z\"\/>\r\n\t<path d=\"M5.4,10.4c0.1,0.4,0.5,0.6,0.9,0.6h0c0.4,0,0.8-0.3,0.9-0.6c0,0,0,0,0,0L7.9,8l2.5-0.8c0.4-0.1,0.6-0.5,0.6-0.9   c0-0.4-0.3-0.8-0.6-0.9L8,4.6L7.1,2.1C7,1.7,6.7,1.4,6.3,1.4h0c-0.4,0-0.8,0.3-0.9,0.6L4.6,4.5L2.1,5.4C1.7,5.5,1.4,5.8,1.4,6.2   c0,0.4,0.3,0.8,0.6,0.9l2.5,0.8L5.4,10.4z M4.9,5.5c0.3-0.1,0.5-0.3,0.6-0.6l0.8-2.3L7,4.9c0.1,0.3,0.3,0.5,0.6,0.6l2.3,0.8L7.6,7   C7.3,7.1,7.1,7.3,7,7.6L6.2,9.9L5.5,7.6C5.4,7.3,5.2,7.1,4.9,7L2.6,6.3L4.9,5.5z\"\/>\r\n<\/g>\r\n<\/svg>\n        \n        \n        \n            <\/div>\n    \n\n\n<\/div><h2 class=\"bde-heading-1015-133 bde-heading\">\nYour personal AI wedding planner\n<\/h2><div class=\"bde-rich-text-1015-134 bde-rich-text breakdance-rich-text-styles\">\n<p>Our AI assistant is at your side around the clock. It answers questions and provides tips.<\/p>\n<\/div>\n<\/div><div class=\"bde-columns-1015-135 bde-columns\"><div class=\"bde-column-1015-136 bde-column\">\n  \n  \n\t\n\n\n\n<div class=\"bde-image-1015-137 bde-image\">\n<figure class=\"breakdance-image breakdance-image--1007\">\n\t<div class=\"breakdance-image-container\">\n\t\t<div class=\"breakdance-image-clip\"><img decoding=\"async\" class=\"breakdance-image-object\" src=\"https:\/\/feierly.de\/wp-content\/uploads\/2024\/09\/einladung-1024x683.webp\" width=\"1024\" height=\"683\" srcset=\"https:\/\/feierly.de\/wp-content\/uploads\/2024\/09\/einladung-scaled.webp 2560w, https:\/\/feierly.de\/wp-content\/uploads\/2024\/09\/einladung-300x200.webp 300w, https:\/\/feierly.de\/wp-content\/uploads\/2024\/09\/einladung-1024x683.webp 1024w, https:\/\/feierly.de\/wp-content\/uploads\/2024\/09\/einladung-768x512.webp 768w, https:\/\/feierly.de\/wp-content\/uploads\/2024\/09\/einladung-1536x1024.webp 1536w, https:\/\/feierly.de\/wp-content\/uploads\/2024\/09\/einladung-2048x1365.webp 2048w, https:\/\/feierly.de\/wp-content\/uploads\/2024\/09\/einladung-18x12.webp 18w\" sizes=\"auto, (max-width: 2560px) 100vw, 2560px\" alt=\"Digital wedding planner\" loading=\"lazy\"><\/div>\n\t<\/div><\/figure>\n\n<\/div><div class=\"bde-div-1015-138 bde-div\">\n  \n  \n\t\n\n\n\n<div class=\"bde-button-1015-139 bde-button ga-zur-app\">\n    \n                        \n                        \n    \n    \n    \n    \n            \n                    \n            \n            \n\n    \n    \n    \n    \n    \n    <a class=\"breakdance-link button-atom button-atom--primary bde-button__button\" href=\"https:\/\/youtu.be\/Oyt2uFXvuR4?si=r1MUkcdkNQEoTVgY\" target=\"_blank\" data-type=\"url\" rel=\"noopener\">\n\n    \n        <span class=\"button-atom__text\">Watch video<\/span>\n\n        \n        \n                <\/a>\n\n    \n\n\n<\/div>\n<\/div>\n<\/div><div class=\"bde-column-1015-142 bde-column\">\n  \n  \n\t\n\n\n\n<div class=\"bde-rich-text-1015-143 bde-rich-text breakdance-rich-text-styles\">\n<h3>And this is how it works<\/h3><ol><li><p>Register with feierly and create your unique wedding party with just a few clicks.<\/p><\/li><li><p>Create your guest list and send stylish digital invitations to your loved ones.<\/p><\/li><li><p>Use our intelligent tools such as budget planners and to-do lists to organize your wedding.<\/p><\/li><li><p>Finishing touches with a wish list and creative photo tasks for your guests.<\/p><\/li><\/ol>\n<\/div><div class=\"bde-text-1015-154 bde-text\">\nOur AI assistant accompanies you every step of the way and is always on hand with help and advice.\n<\/div><div class=\"bde-div-1015-155 bde-div\">\n  \n  \n\t\n\n\n\n<div class=\"bde-button-1015-140 bde-button ga-zur-app\">\n    \n                        \n                        \n    \n    \n    \n    \n            \n                    \n            \n            \n\n    \n    \n    \n    \n    \n    <a class=\"breakdance-link button-atom button-atom--secondary bde-button__button\" href=\"https:\/\/wedding.feierly.app\" target=\"_self\" data-type=\"url\" rel=\"noopener\">\n\n    \n        <span class=\"button-atom__text\">Start planning now for free<\/span>\n\n        \n        \n                <\/a>\n\n    \n\n\n<\/div><div class=\"bde-text-1015-141 bde-text\">\nAll functions for only \u20ac19.90\n<\/div>\n<\/div>\n<\/div><\/div><\/div>\n<\/section><div class=\"bde-globalblock-1015-156 bde-globalblock\"><section class=\"bde-section-1354-100-1354-1 bde-section bde-section-1354-100\">\n  \n  \n\t\n\n\n\n<div class=\"section-container\"><div class=\"bde-div-1354-101-1354-1 bde-div bde-div-1354-101\">\n  \n  \n\t\n\n\n\n<div class=\"bde-rich-text-1354-102-1354-1 bde-rich-text bde-rich-text-1354-102 breakdance-rich-text-styles\">\n<p>We protect your data in the best possible way. Please read our <a href=\"\/en\/data-protection\/\">Privacy policy<\/a>.<\/p>\n<\/div>\n<\/div><\/div>\n<\/section><\/div>","protected":false},"excerpt":{"rendered":"<p>Digitaler Hochzeitsplaner Der intelligente Hochzeitsplaner mit KI-Unterst\u00fctzung Stressfrei, einfach und perfekt organisiert &#8211; so sollte deine Hochzeitsplanung sein. Jetzt kostenlos starten Video Alle Funktionen f\u00fcr nur 19,90\u20ac Intelligente G\u00e4steverwaltung Behalte m\u00fchelos den \u00dcberblick \u00fcber deine G\u00e4steliste. Verwalte Zu- und Absagen und kategorisiere deine G\u00e4ste nach Wunsch. Mit unserer intuitiven Oberfl\u00e4che wird die G\u00e4steverwaltung zum Kinderspiel. [&hellip;]<\/p>\n","protected":false},"author":1,"featured_media":0,"parent":0,"menu_order":0,"comment_status":"closed","ping_status":"closed","template":"","meta":{"_breakdance_hide_in_design_set":false,"_breakdance_tags":"","footnotes":""},"class_list":["post-1015","page","type-page","status-publish","hentry"],"_links":{"self":[{"href":"https:\/\/feierly.de\/en\/wp-json\/wp\/v2\/pages\/1015","targetHints":{"allow":["GET"]}}],"collection":[{"href":"https:\/\/feierly.de\/en\/wp-json\/wp\/v2\/pages"}],"about":[{"href":"https:\/\/feierly.de\/en\/wp-json\/wp\/v2\/types\/page"}],"author":[{"embeddable":true,"href":"https:\/\/feierly.de\/en\/wp-json\/wp\/v2\/users\/1"}],"replies":[{"embeddable":true,"href":"https:\/\/feierly.de\/en\/wp-json\/wp\/v2\/comments?post=1015"}],"version-history":[{"count":12,"href":"https:\/\/feierly.de\/en\/wp-json\/wp\/v2\/pages\/1015\/revisions"}],"predecessor-version":[{"id":1359,"href":"https:\/\/feierly.de\/en\/wp-json\/wp\/v2\/pages\/1015\/revisions\/1359"}],"wp:attachment":[{"href":"https:\/\/feierly.de\/en\/wp-json\/wp\/v2\/media?parent=1015"}],"curies":[{"name":"wp","href":"https:\/\/api.w.org\/{rel}","templated":true}]}}